{"id":1139,"date":"2025-12-31T02:56:03","date_gmt":"2025-12-31T02:56:03","guid":{"rendered":"https:\/\/yunrui-controls.com\/?page_id=1139"},"modified":"2025-12-31T02:56:31","modified_gmt":"2025-12-31T02:56:31","slug":"email-statistics","status":"publish","type":"page","link":"https:\/\/www.yunrui-controls.com\/vi\/email-statistics\/","title":{"rendered":"Th\u1ed1ng k\u00ea email"},"content":{"rendered":"<style id=\"wpforms-css-vars-1136-block-7d898bb4-400d-4663-983e-6f4aa48e96cd\">\n\t\t\t\t#wpforms-1136.wpforms-block-7d898bb4-400d-4663-983e-6f4aa48e96cd {\n\t\t\t\t--wpforms-field-size-input-height: 43px;\n--wpforms-field-size-input-spacing: 15px;\n--wpforms-field-size-font-size: 16px;\n--wpforms-field-size-line-height: 19px;\n--wpforms-field-size-padding-h: 14px;\n--wpforms-field-size-checkbox-size: 16px;\n--wpforms-field-size-sublabel-spacing: 5px;\n--wpforms-field-size-icon-size: 1;\n--wpforms-label-size-font-size: 16px;\n--wpforms-label-size-line-height: 19px;\n--wpforms-label-size-sublabel-font-size: 14px;\n--wpforms-label-size-sublabel-line-height: 17px;\n--wpforms-button-size-font-size: 17px;\n--wpforms-button-size-height: 41px;\n--wpforms-button-size-padding-h: 15px;\n--wpforms-button-size-margin-top: 10px;\n--wpforms-container-shadow-size-box-shadow: none;\n\t\t\t}\n\t\t\t<\/style>","protected":false},"excerpt":{"rendered":"","protected":false},"author":1,"featured_media":0,"parent":0,"menu_order":4,"comment_status":"closed","ping_status":"closed","template":"","meta":{"_acf_changed":false,"site-sidebar-layout":"default","site-content-layout":"","ast-site-content-layout":"default","site-content-style":"default","site-sidebar-style":"default","ast-global-header-display":"","ast-banner-title-visibility":"","ast-main-header-display":"","ast-hfb-above-header-display":"","ast-hfb-below-header-display":"","ast-hfb-mobile-header-display":"","site-post-title":"","ast-breadcrumbs-content":"","ast-featured-img":"","footer-sml-layout":"","ast-disable-related-posts":"","theme-transparent-header-meta":"","adv-header-id-meta":"","stick-header-meta":"","header-above-stick-meta":"","header-main-stick-meta":"","header-below-stick-meta":"","astra-migrate-meta-layouts":"default","ast-page-background-enabled":"default","ast-page-background-meta":{"desktop":{"background-color":"var(--ast-global-color-5)","background-image":"","background-repeat":"repeat","background-position":"center center","background-size":"auto","background-attachment":"scroll","background-type":"","background-media":"","overlay-type":"","overlay-color":"","overlay-opacity":"","overlay-gradient":""},"tablet":{"background-color":"","background-image":"","background-repeat":"repeat","background-position":"center center","background-size":"auto","background-attachment":"scroll","background-type":"","background-media":"","overlay-type":"","overlay-color":"","overlay-opacity":"","overlay-gradient":""},"mobile":{"background-color":"","background-image":"","background-repeat":"repeat","background-position":"center center","background-size":"auto","background-attachment":"scroll","background-type":"","background-media":"","overlay-type":"","overlay-color":"","overlay-opacity":"","overlay-gradient":""}},"ast-content-background-meta":{"desktop":{"background-color":"var(--ast-global-color-4)","background-image":"","background-repeat":"repeat","background-position":"center center","background-size":"auto","background-attachment":"scroll","background-type":"","background-media":"","overlay-type":"","overlay-color":"","overlay-opacity":"","overlay-gradient":""},"tablet":{"background-color":"var(--ast-global-color-4)","background-image":"","background-repeat":"repeat","background-position":"center center","background-size":"auto","background-attachment":"scroll","background-type":"","background-media":"","overlay-type":"","overlay-color":"","overlay-opacity":"","overlay-gradient":""},"mobile":{"background-color":"var(--ast-global-color-4)","background-image":"","background-repeat":"repeat","background-position":"center center","background-size":"auto","background-attachment":"scroll","background-type":"","background-media":"","overlay-type":"","overlay-color":"","overlay-opacity":"","overlay-gradient":""}},"footnotes":""},"class_list":["post-1139","page","type-page","status-publish","hentry"],"acf":[],"yoast_head":"<!-- This site is optimized with the Yoast SEO Premium plugin v26.8 (Yoast SEO v26.8) - https:\/\/yoast.com\/product\/yoast-seo-premium-wordpress\/ -->\n<title>Email Statistics - YunRui<\/title>\n<meta name=\"robots\" content=\"index, follow, max-snippet:-1, max-image-preview:large, max-video-preview:-1\" \/>\n<link rel=\"canonical\" href=\"https:\/\/www.yunrui-controls.com\/vi\/email-statistics\/\" \/>\n<meta property=\"og:locale\" content=\"vi_VN\" \/>\n<meta property=\"og:type\" content=\"article\" \/>\n<meta property=\"og:title\" content=\"Email Statistics\" \/>\n<meta property=\"og:url\" content=\"https:\/\/www.yunrui-controls.com\/vi\/email-statistics\/\" \/>\n<meta property=\"og:site_name\" content=\"Fisher, E+H &amp; Rosemount Supplier from China | 100% Original | YUNRUI\" \/>\n<meta property=\"article:modified_time\" content=\"2025-12-31T02:56:31+00:00\" \/>\n<meta name=\"twitter:card\" content=\"summary_large_image\" \/>\n<script type=\"application\/ld+json\" class=\"yoast-schema-graph\">{\"@context\":\"https:\/\/schema.org\",\"@graph\":[{\"@type\":\"WebPage\",\"@id\":\"https:\/\/www.yunrui-controls.com\/email-statistics\/\",\"url\":\"https:\/\/www.yunrui-controls.com\/email-statistics\/\",\"name\":\"Email Statistics - YunRui\",\"isPartOf\":{\"@id\":\"https:\/\/www.yunrui-controls.com\/#website\"},\"datePublished\":\"2025-12-31T02:56:03+00:00\",\"dateModified\":\"2025-12-31T02:56:31+00:00\",\"breadcrumb\":{\"@id\":\"https:\/\/www.yunrui-controls.com\/email-statistics\/#breadcrumb\"},\"inLanguage\":\"vi\",\"potentialAction\":[{\"@type\":\"ReadAction\",\"target\":[\"https:\/\/www.yunrui-controls.com\/email-statistics\/\"]}]},{\"@type\":\"BreadcrumbList\",\"@id\":\"https:\/\/www.yunrui-controls.com\/email-statistics\/#breadcrumb\",\"itemListElement\":[{\"@type\":\"ListItem\",\"position\":1,\"name\":\"Home\",\"item\":\"https:\/\/www.yunrui-controls.com\/\"},{\"@type\":\"ListItem\",\"position\":2,\"name\":\"Email Statistics\"}]},{\"@type\":\"WebSite\",\"@id\":\"https:\/\/www.yunrui-controls.com\/#website\",\"url\":\"https:\/\/www.yunrui-controls.com\/\",\"name\":\"Process Instrument & Valve Supplier from China | YUNRUI\",\"description\":\"YUNRUI is your trusted authorized distributor and stockist in China for original Fisher valves, E+H, and Rosemount instruments. Fast Middle East delivery. Get a quote!\",\"publisher\":{\"@id\":\"https:\/\/www.yunrui-controls.com\/#organization\"},\"alternateName\":\"YRCONTROLS\",\"potentialAction\":[{\"@type\":\"SearchAction\",\"target\":{\"@type\":\"EntryPoint\",\"urlTemplate\":\"https:\/\/www.yunrui-controls.com\/?s={search_term_string}\"},\"query-input\":{\"@type\":\"PropertyValueSpecification\",\"valueRequired\":true,\"valueName\":\"search_term_string\"}}],\"inLanguage\":\"vi\"},{\"@type\":\"Organization\",\"@id\":\"https:\/\/www.yunrui-controls.com\/#organization\",\"name\":\"YUNRUI\",\"alternateName\":\"YUNRUI TRADING\",\"url\":\"https:\/\/www.yunrui-controls.com\/\",\"logo\":{\"@type\":\"ImageObject\",\"inLanguage\":\"vi\",\"@id\":\"https:\/\/www.yunrui-controls.com\/#\/schema\/logo\/image\/\",\"url\":\"https:\/\/www.yunrui-controls.com\/wp-content\/uploads\/2026\/03\/original-yunrui-logo-from-china-supplier-yunrui.png\",\"contentUrl\":\"https:\/\/www.yunrui-controls.com\/wp-content\/uploads\/2026\/03\/original-yunrui-logo-from-china-supplier-yunrui.png\",\"width\":512,\"height\":512,\"caption\":\"YUNRUI\"},\"image\":{\"@id\":\"https:\/\/www.yunrui-controls.com\/#\/schema\/logo\/image\/\"},\"telephone\":\"8618710784030\"}]}<\/script>\n<!-- \/ Yoast SEO Premium plugin. -->","yoast_head_json":{"title":"Email Statistics - YunRui","robots":{"index":"index","follow":"follow","max-snippet":"max-snippet:-1","max-image-preview":"max-image-preview:large","max-video-preview":"max-video-preview:-1"},"canonical":"https:\/\/www.yunrui-controls.com\/vi\/email-statistics\/","og_locale":"vi_VN","og_type":"article","og_title":"Email Statistics","og_url":"https:\/\/www.yunrui-controls.com\/vi\/email-statistics\/","og_site_name":"Fisher, E+H &amp; Rosemount Supplier from China | 100% Original | YUNRUI","article_modified_time":"2025-12-31T02:56:31+00:00","twitter_card":"summary_large_image","schema":{"@context":"https:\/\/schema.org","@graph":[{"@type":"WebPage","@id":"https:\/\/www.yunrui-controls.com\/email-statistics\/","url":"https:\/\/www.yunrui-controls.com\/email-statistics\/","name":"Email Statistics - YunRui","isPartOf":{"@id":"https:\/\/www.yunrui-controls.com\/#website"},"datePublished":"2025-12-31T02:56:03+00:00","dateModified":"2025-12-31T02:56:31+00:00","breadcrumb":{"@id":"https:\/\/www.yunrui-controls.com\/email-statistics\/#breadcrumb"},"inLanguage":"vi","potentialAction":[{"@type":"ReadAction","target":["https:\/\/www.yunrui-controls.com\/email-statistics\/"]}]},{"@type":"BreadcrumbList","@id":"https:\/\/www.yunrui-controls.com\/email-statistics\/#breadcrumb","itemListElement":[{"@type":"ListItem","position":1,"name":"Home","item":"https:\/\/www.yunrui-controls.com\/"},{"@type":"ListItem","position":2,"name":"Email Statistics"}]},{"@type":"WebSite","@id":"https:\/\/www.yunrui-controls.com\/#website","url":"https:\/\/www.yunrui-controls.com\/","name":"Nh\u00e0 cung c\u1ea5p thi\u1ebft b\u1ecb v\u00e0 van \u0111i\u1ec1u khi\u1ec3n c\u00f4ng nghi\u1ec7p t\u1eeb Trung Qu\u1ed1c | YUNRUI","description":"YUNRUI l\u00e0 nh\u00e0 ph\u00e2n ph\u1ed1i v\u00e0 cung c\u1ea5p \u1ee7y quy\u1ec1n \u0111\u00e1ng tin c\u1eady t\u1ea1i Trung Qu\u1ed1c c\u00e1c s\u1ea3n ph\u1ea9m van Fisher ch\u00ednh h\u00e3ng, thi\u1ebft b\u1ecb E+H v\u00e0 Rosemount. Giao h\u00e0ng nhanh ch\u00f3ng khu v\u1ef1c Trung \u0110\u00f4ng. Y\u00eau c\u1ea7u b\u00e1o gi\u00e1!","publisher":{"@id":"https:\/\/www.yunrui-controls.com\/#organization"},"alternateName":"YRCONTROLS","potentialAction":[{"@type":"SearchAction","target":{"@type":"EntryPoint","urlTemplate":"https:\/\/www.yunrui-controls.com\/?s={search_term_string}"},"query-input":{"@type":"PropertyValueSpecification","valueRequired":true,"valueName":"search_term_string"}}],"inLanguage":"vi"},{"@type":"Organization","@id":"https:\/\/www.yunrui-controls.com\/#organization","name":"YUNRUI","alternateName":"YUNRUI TRADING","url":"https:\/\/www.yunrui-controls.com\/","logo":{"@type":"ImageObject","inLanguage":"vi","@id":"https:\/\/www.yunrui-controls.com\/#\/schema\/logo\/image\/","url":"https:\/\/www.yunrui-controls.com\/wp-content\/uploads\/2026\/03\/original-yunrui-logo-from-china-supplier-yunrui.png","contentUrl":"https:\/\/www.yunrui-controls.com\/wp-content\/uploads\/2026\/03\/original-yunrui-logo-from-china-supplier-yunrui.png","width":512,"height":512,"caption":"YUNRUI"},"image":{"@id":"https:\/\/www.yunrui-controls.com\/#\/schema\/logo\/image\/"},"telephone":"8618710784030"}]}},"_links":{"self":[{"href":"https:\/\/www.yunrui-controls.com\/vi\/wp-json\/wp\/v2\/pages\/1139","targetHints":{"allow":["GET"]}}],"collection":[{"href":"https:\/\/www.yunrui-controls.com\/vi\/wp-json\/wp\/v2\/pages"}],"about":[{"href":"https:\/\/www.yunrui-controls.com\/vi\/wp-json\/wp\/v2\/types\/page"}],"author":[{"embeddable":true,"href":"https:\/\/www.yunrui-controls.com\/vi\/wp-json\/wp\/v2\/users\/1"}],"replies":[{"embeddable":true,"href":"https:\/\/www.yunrui-controls.com\/vi\/wp-json\/wp\/v2\/comments?post=1139"}],"version-history":[{"count":2,"href":"https:\/\/www.yunrui-controls.com\/vi\/wp-json\/wp\/v2\/pages\/1139\/revisions"}],"predecessor-version":[{"id":1141,"href":"https:\/\/www.yunrui-controls.com\/vi\/wp-json\/wp\/v2\/pages\/1139\/revisions\/1141"}],"wp:attachment":[{"href":"https:\/\/www.yunrui-controls.com\/vi\/wp-json\/wp\/v2\/media?parent=1139"}],"curies":[{"name":"trang web","href":"https:\/\/api.w.org\/{rel}","templated":true}]}}